{"id":1065,"date":"2021-05-01T16:25:22","date_gmt":"2021-05-01T16:25:22","guid":{"rendered":"https:\/\/juanmanuelpelaez.com\/?page_id=1065"},"modified":"2021-06-02T02:07:24","modified_gmt":"2021-06-02T02:07:24","slug":"proyectos","status":"publish","type":"page","link":"https:\/\/juanmanuelpelaez.com\/en\/proyectos\/","title":{"rendered":"Projects"},"content":{"rendered":"<h5><a href=\"#Institucional\">Institutional<\/a><\/h5>\n<h5><a href=\"#Vivienda\">Housing<\/a><\/h5>\n<h5><a href=\"#Comercial\">Commercial<\/a><\/h5>\n<h5><a href=\"#Espacio\">Public space<\/a><\/h5>\n<h5><a href=\"#otros\">Work in progress<\/a><\/h5>\n<h5><a href=\"#Institucional\">Institutional<\/a><\/h5>\n<h5><a href=\"#Vivienda\">Housing<\/a><\/h5>\n<h5><a href=\"#Comercial\">Commercial<\/a><\/h5>\n<h5><a href=\"#Espacio\">Public space<\/a><\/h5>\n<p>\t\t\t\t\t\t\t\t\t\t\t\t\t\t\t\t<a href=\"https:\/\/juanmanuelpelaez.com\/en\/coomeva\/\"><br \/>\n\t\t\t\t\t\t\t<img decoding=\"async\" src=\"https:\/\/juanmanuelpelaez.com\/wp-content\/uploads\/elementor\/thumbs\/Palma-Real-x-scaled-p6jmwfslvsu51oxecojtvjnuj64hiibgyg7j9urkmg.jpg\" title=\"\" alt=\"\" \/>\t\t\t\t\t\t\t\t<\/a><\/p>\n<p><a href=\"https:\/\/juanmanuelpelaez.com\/en\/coomeva\/\">COOMEVA Business Center, 2012<\/a><\/p>\n<p>\t\t\t\t\t\t\t\t\t\t\t\t\t\t\t\t<a href=\"https:\/\/juanmanuelpelaez.com\/en\/isagen\/\"><br \/>\n\t\t\t\t\t\t\t<img decoding=\"async\" src=\"https:\/\/juanmanuelpelaez.com\/wp-content\/uploads\/elementor\/thumbs\/CONCURSO-MUSEO-HIDRO0004-1-scaled-p7h47sksbabx62kabc0ridzz05npffznppu38vyyp4.jpg\" title=\"\" alt=\"\" \/>\t\t\t\t\t\t\t\t<\/a><\/p>\n<p><a href=\"https:\/\/juanmanuelpelaez.com\/en\/isagen\/\">Interactive Museum of Hydroelectricity, 2015<\/a><\/p>\n<p>\t\t\t\t\t\t\t\t\t\t\t\t\t\t\t\t<a href=\"https:\/\/juanmanuelpelaez.com\/en\/universidad-nacional\/\"><br \/>\n\t\t\t\t\t\t\t<img decoding=\"async\" src=\"https:\/\/juanmanuelpelaez.com\/wp-content\/uploads\/elementor\/thumbs\/imagen-aerea-p7h5iudyeqqmbe7xko6hbiklghr4q0ryulf1y74u94.jpg\" title=\"\" alt=\"\" \/>\t\t\t\t\t\t\t\t<\/a><\/p>\n<p><a href=\"https:\/\/juanmanuelpelaez.com\/en\/universidad-nacional\/\">National University Arts Faculty, 2021<\/a><\/p>\n<p>\t\t\t\t\t\t\t\t\t\t\t\t\t\t\t\t<a href=\"https:\/\/juanmanuelpelaez.com\/en\/centro-idiomas-eafit\/\"><br \/>\n\t\t\t\t\t\t\t<img decoding=\"async\" src=\"https:\/\/juanmanuelpelaez.com\/wp-content\/uploads\/elementor\/thumbs\/DJI_0353_50-scaled-p6hxke35hc6q1y8msqor58m2nbb4uxiudmoruynr54.jpg\" title=\"\" alt=\"\" \/>\t\t\t\t\t\t\t\t<\/a><\/p>\n<p><a href=\"https:\/\/juanmanuelpelaez.com\/en\/centro-idiomas-eafit\/\">EAFIT University Language Center, 2018<\/a><\/p>\n<p>\t\t\t\t\t\t\t\t\t\t\t\t\t\t\t\t<a href=\"https:\/\/juanmanuelpelaez.com\/en\/bureche\/\"><br \/>\n\t\t\t\t\t\t\t<img decoding=\"async\" src=\"https:\/\/juanmanuelpelaez.com\/wp-content\/uploads\/elementor\/thumbs\/facjardin-scaled-p7h189tejj553uqs5uv3airsrfm6xv509jckzfe6g8.jpg\" title=\"\" alt=\"\" \/>\t\t\t\t\t\t\t\t<\/a><\/p>\n<p><a href=\"https:\/\/juanmanuelpelaez.com\/en\/bureche\/\">Bureche School, 2017<\/a><\/p>\n<p>\t\t\t\t\t\t\t\t\t\t\t\t\t\t\t\t<a href=\"https:\/\/juanmanuelpelaez.com\/en\/uniban\/\"><br \/>\n\t\t\t\t\t\t\t<img decoding=\"async\" src=\"https:\/\/juanmanuelpelaez.com\/wp-content\/uploads\/elementor\/thumbs\/FINAL-AEREA-scaled-p7h1uq6lt1vqgi4l1ka8uus7msxutka60oe5pe3lt4.jpg\" title=\"\" alt=\"\" \/>\t\t\t\t\t\t\t\t<\/a><\/p>\n<p><a href=\"https:\/\/juanmanuelpelaez.com\/en\/uniban\/\">Unib\u00e1n Foundation Preschool, 2021<\/a><\/p>\n<p>\t\t\t\t\t\t\t\t\t\t\t\t\t\t\t\t<a href=\"https:\/\/juanmanuelpelaez.com\/en\/pasacaballos\/\"><br \/>\n\t\t\t\t\t\t\t<img decoding=\"async\" src=\"https:\/\/juanmanuelpelaez.com\/wp-content\/uploads\/elementor\/thumbs\/EXTERIOR-scaled-p7h4u1fa24s7xu90ey6wirwp4g0flkayrtns4mzjfs.jpg\" title=\"\" alt=\"\" \/>\t\t\t\t\t\t\t\t<\/a><\/p>\n<p><a href=\"https:\/\/juanmanuelpelaez.com\/en\/pasacaballos\/\">Pasacaballos Educational Center, 2021<\/a><\/p>\n<p>\t\t\t\t\t\t\t\t\t\t\t\t\t\t\t\t<a href=\"https:\/\/juanmanuelpelaez.com\/en\/colegios-ministerio\/\"><br \/>\n\t\t\t\t\t\t\t<img decoding=\"async\" src=\"https:\/\/juanmanuelpelaez.com\/wp-content\/uploads\/elementor\/thumbs\/CAMARA-CONCURSO-01-copia-p7h6a1ts83zed2p8pfjqhnewfznlims9x9703tvb54.jpg\" title=\"\" alt=\"\" \/>\t\t\t\t\t\t\t\t<\/a><\/p>\n<p><a href=\"https:\/\/juanmanuelpelaez.com\/en\/colegios-ministerio\/\">National Ministry of Education Schools, 2012<\/a><\/p>\n<p>\t\t\t\t\t\t\t\t\t\t\t\t\t\t\t\t<a href=\"https:\/\/juanmanuelpelaez.com\/en\/centro-espana\/\"><br \/>\n\t\t\t\t\t\t\t<img decoding=\"async\" src=\"https:\/\/juanmanuelpelaez.com\/wp-content\/uploads\/elementor\/thumbs\/Composicion1-scaled-p80714wosngljhmgohz1aj93yvlbr0vwsstrnxgje0.jpg\" title=\"\" alt=\"\" \/>\t\t\t\t\t\t\t\t<\/a><\/p>\n<p><a href=\"https:\/\/juanmanuelpelaez.com\/en\/centro-espana\/\">Spain Cultural Center, 2007<\/a><\/p>\n<p>\t\t\t\t\t\t\t\t\t\t\t\t\t\t\t\t<a href=\"http:\/\/juanmanuelpelaez.com\/en\/claro-de-luna\/\"><br \/>\n\t\t\t\t\t\t\t<img decoding=\"async\" src=\"https:\/\/juanmanuelpelaez.com\/wp-content\/uploads\/elementor\/thumbs\/DJI_0129-Editar_50-scaled-p6hxk6kfynwfh2jk0nfqlaidw8c75cozolgw0qywiw.jpg\" title=\"\" alt=\"\" \/>\t\t\t\t\t\t\t\t<\/a><\/p>\n<p><a href=\"http:\/\/juanmanuelpelaez.com\/en\/claro-de-luna\/\">Moonlight House, 2012<\/a><\/p>\n<p>\t\t\t\t\t\t\t\t\t\t\t\t\t\t\t\t<a href=\"http:\/\/juanmanuelpelaez.com\/en\/casaalmoguera\/\"><br \/>\n\t\t\t\t\t\t\t<img decoding=\"async\" src=\"https:\/\/juanmanuelpelaez.com\/wp-content\/uploads\/elementor\/thumbs\/Felipe-Uribe-x-scaled-p6jmmnb4oxfm3x5eiy6qeilzroduc0g4lzkgb3a7fs.jpg\" title=\"\" alt=\"\" \/>\t\t\t\t\t\t\t\t<\/a><\/p>\n<p><a href=\"http:\/\/juanmanuelpelaez.com\/en\/casaalmoguera\/\">Almoguera House, 2020<\/a><\/p>\n<p>\t\t\t\t\t\t\t\t\t\t\t\t\t\t\t\t<a href=\"https:\/\/juanmanuelpelaez.com\/en\/ele16\/\"><br \/>\n\t\t\t\t\t\t\t<img decoding=\"async\" src=\"https:\/\/juanmanuelpelaez.com\/wp-content\/uploads\/elementor\/thumbs\/MG_8505_50-scaled-p6hxjrj0xbbubb5eggxpheb0e2ebq71aaj14cbl7ag.jpg\" title=\"\" alt=\"\" \/>\t\t\t\t\t\t\t\t<\/a><\/p>\n<p><a href=\"https:\/\/juanmanuelpelaez.com\/en\/ele16\/\">Ele 16, 2020<\/a><\/p>\n<p>\t\t\t\t\t\t\t\t\t\t\t\t\t\t\t\t<a href=\"https:\/\/juanmanuelpelaez.com\/en\/casaenc\/\"><br \/>\n\t\t\t\t\t\t\t<img decoding=\"async\" src=\"https:\/\/juanmanuelpelaez.com\/wp-content\/uploads\/elementor\/thumbs\/MG_8087-HDR-Editar_50-scaled-p6hxjbjrp4pytxsm1s11t0c6ail33c9ukbxv6m8w88.jpg\" title=\"\" alt=\"\" \/>\t\t\t\t\t\t\t\t<\/a><\/p>\n<p><a href=\"https:\/\/juanmanuelpelaez.com\/en\/casaenc\/\">ENC House, 2018<\/a><\/p>\n<p>\t\t\t\t\t\t\t\t\t\t\t\t\t\t\t\t<a href=\"http:\/\/juanmanuelpelaez.com\/en\/casa47\/\"><br \/>\n\t\t\t\t\t\t\t<img decoding=\"async\" src=\"https:\/\/juanmanuelpelaez.com\/wp-content\/uploads\/elementor\/thumbs\/MG_3960-Editar_50-scaled-p6hxb1kxine2ljtfdp8bclj1zddqbaexrd4y1wip0o.jpg\" title=\"\" alt=\"\" \/>\t\t\t\t\t\t\t\t<\/a><\/p>\n<p><a href=\"http:\/\/juanmanuelpelaez.com\/en\/casa47\/\">House 47, 2017<\/a><\/p>\n<p>\t\t\t\t\t\t\t\t\t\t\t\t\t\t\t\t<a href=\"http:\/\/juanmanuelpelaez.com\/en\/casacampina\/\"><br \/>\n\t\t\t\t\t\t\t<img decoding=\"async\" src=\"https:\/\/juanmanuelpelaez.com\/wp-content\/uploads\/elementor\/thumbs\/Andre\u0301s-Pela\u0301ez-x-scaled-p6jmjwm2rboi8v4rj9iwmpile7wavskb8f2gx1cjl4.jpg\" title=\"\" alt=\"\" \/>\t\t\t\t\t\t\t\t<\/a><\/p>\n<p><a href=\"http:\/\/juanmanuelpelaez.com\/en\/casacampina\/\">Countryside House, 2019<\/a><\/p>\n<p>\t\t\t\t\t\t\t\t\t\t\t\t\t\t\t\t<a href=\"http:\/\/juanmanuelpelaez.com\/en\/siberia\/\"><br \/>\n\t\t\t\t\t\t\t<img decoding=\"async\" src=\"https:\/\/juanmanuelpelaez.com\/wp-content\/uploads\/elementor\/thumbs\/La-Siberia-32-x-scaled-p6jmv4soe31sx6tnz48hevistwk4tn4w3zl9a0p99k.jpg\" title=\"\" alt=\"\" \/>\t\t\t\t\t\t\t\t<\/a><\/p>\n<p><a href=\"http:\/\/juanmanuelpelaez.com\/en\/siberia32\/\" data-wplink-edit=\"true\">Siberia House, 2004<\/a><\/p>\n<p>\t\t\t\t\t\t\t\t\t\t\t\t\t\t\t\t<a href=\"https:\/\/juanmanuelpelaez.com\/en\/horas\/\"><br \/>\n\t\t\t\t\t\t\t<img decoding=\"async\" src=\"https:\/\/juanmanuelpelaez.com\/wp-content\/uploads\/elementor\/thumbs\/Horas-claras-x-p6jmxggbac8bmhg5emea2setp73supd03hngzn97vs.jpg\" title=\"\" alt=\"\" \/>\t\t\t\t\t\t\t\t<\/a><\/p>\n<p><a href=\"https:\/\/juanmanuelpelaez.com\/en\/horas\/\">Horas Claras House, 1998<\/a><\/p>\n<p>\t\t\t\t\t\t\t\t\t\t\t\t\t\t\t\t<a href=\"http:\/\/juanmanuelpelaez.com\/en\/casabm\/\"><br \/>\n\t\t\t\t\t\t\t<img decoding=\"async\" width=\"1024\" height=\"575\" src=\"https:\/\/juanmanuelpelaez.com\/wp-content\/uploads\/2021\/05\/Jaime-Pela\u0301ez-x-1024x575.jpg\" alt=\"\" loading=\"lazy\" srcset=\"https:\/\/juanmanuelpelaez.com\/wp-content\/uploads\/2021\/05\/Jaime-Pela\u0301ez-x-1024x575.jpg 1024w, https:\/\/juanmanuelpelaez.com\/wp-content\/uploads\/2021\/05\/Jaime-Pela\u0301ez-x-300x169.jpg 300w, https:\/\/juanmanuelpelaez.com\/wp-content\/uploads\/2021\/05\/Jaime-Pela\u0301ez-x-768x432.jpg 768w, https:\/\/juanmanuelpelaez.com\/wp-content\/uploads\/2021\/05\/Jaime-Pela\u0301ez-x-1536x863.jpg 1536w, https:\/\/juanmanuelpelaez.com\/wp-content\/uploads\/2021\/05\/Jaime-Pela\u0301ez-x-24x13.jpg 24w, https:\/\/juanmanuelpelaez.com\/wp-content\/uploads\/2021\/05\/Jaime-Pela\u0301ez-x-36x20.jpg 36w, https:\/\/juanmanuelpelaez.com\/wp-content\/uploads\/2021\/05\/Jaime-Pela\u0301ez-x-48x27.jpg 48w, https:\/\/juanmanuelpelaez.com\/wp-content\/uploads\/2021\/05\/Jaime-Pela\u0301ez-x.jpg 1600w\" sizes=\"(max-width: 1024px) 100vw, 1024px\" \/>\t\t\t\t\t\t\t\t<\/a><\/p>\n<p><a href=\"http:\/\/juanmanuelpelaez.com\/en\/casabm\/\">BM House, 2019<\/a><\/p>\n<p>\t\t\t\t\t\t\t\t\t\t\t\t\t\t\t\t<a href=\"http:\/\/juanmanuelpelaez.com\/en\/casa8\/\"><br \/>\n\t\t\t\t\t\t\t<img decoding=\"async\" src=\"https:\/\/juanmanuelpelaez.com\/wp-content\/uploads\/elementor\/thumbs\/Capiro-8-x-scaled-p6jmlkrqwpyuvwpdrzj12ac3evnskf74sotjmqvciw.jpg\" title=\"\" alt=\"\" \/>\t\t\t\t\t\t\t\t<\/a><\/p>\n<p><a href=\"http:\/\/juanmanuelpelaez.com\/en\/casa8\/\">House 8, 2017<\/a><\/p>\n<p>\t\t\t\t\t\t\t\t\t\t\t\t\t\t\t\t<a href=\"https:\/\/juanmanuelpelaez.com\/en\/torrelunera\/\"><br \/>\n\t\t\t\t\t\t\t<img decoding=\"async\" src=\"https:\/\/juanmanuelpelaez.com\/wp-content\/uploads\/elementor\/thumbs\/MG_4354-p7gzvmo2v6jyabef7bx4rao22lddlr12kryzqbd8h4.jpg\" title=\"\" alt=\"\" \/>\t\t\t\t\t\t\t\t<\/a><\/p>\n<p><a href=\"https:\/\/juanmanuelpelaez.com\/en\/torrelunera\/\">Torre Lunera House, 2007<\/a><\/p>\n<p>\t\t\t\t\t\t\t\t\t\t\t\t\t\t\t\t<a href=\"https:\/\/juanmanuelpelaez.com\/en\/restaurante-moshi\/\"><br \/>\n\t\t\t\t\t\t\t<img decoding=\"async\" src=\"https:\/\/juanmanuelpelaez.com\/wp-content\/uploads\/elementor\/thumbs\/Moshi-x-scaled-p6jmz3o58whdxx24stzrxvgv4gzxbmw3bmr282tezs.jpg\" title=\"\" alt=\"\" \/>\t\t\t\t\t\t\t\t<\/a><\/p>\n<p><a href=\"https:\/\/juanmanuelpelaez.com\/en\/restaurante-moshi\/\">Moshi Restaurant, 2018<\/a><\/p>\n<p>\t\t\t\t\t\t\t\t\t\t\t\t\t\t\t\t<a href=\"https:\/\/juanmanuelpelaez.com\/en\/carmen\/\"><br \/>\n\t\t\t\t\t\t\t<img decoding=\"async\" src=\"https:\/\/juanmanuelpelaez.com\/wp-content\/uploads\/elementor\/thumbs\/CARMEN-8-p7gx0mirxrjs0n0pob1x0semlj2d3t3zeychoc8qaw.jpg\" title=\"\" alt=\"\" \/>\t\t\t\t\t\t\t\t<\/a><\/p>\n<p><a href=\"https:\/\/juanmanuelpelaez.com\/en\/carmen\/\">Carmen Restaurant, 2009<\/a><\/p>\n<p>\t\t\t\t\t\t\t\t\t\t\t\t\t\t\t\t<a href=\"https:\/\/juanmanuelpelaez.com\/en\/plaza-de-la-luz\/\"><br \/>\n\t\t\t\t\t\t\t<img decoding=\"async\" src=\"https:\/\/juanmanuelpelaez.com\/wp-content\/uploads\/elementor\/thumbs\/Parque-la-luz-x-scaled-p6jn1187an4lt293io262dwz2zh358k8970zqjya7c.jpg\" title=\"\" alt=\"\" \/>\t\t\t\t\t\t\t\t<\/a><\/p>\n<p><a href=\"https:\/\/juanmanuelpelaez.com\/en\/plaza-de-la-luz\/\">Plaza de la Luz - Light Square, 2005<\/a><\/p>\n<p>\t\t\t\t\t\t\t\t\t\t\t\t\t\t\t\t<a href=\"https:\/\/juanmanuelpelaez.com\/en\/liverpool\/\"><br \/>\n\t\t\t\t\t\t\t<img decoding=\"async\" src=\"https:\/\/juanmanuelpelaez.com\/wp-content\/uploads\/elementor\/thumbs\/Liverpool-105-p7h6m19pd2e0e3ajq41hs4jh3ul2npd2kkmvdu3lt4.jpg\" title=\"\" alt=\"\" \/>\t\t\t\t\t\t\t\t<\/a><\/p>\n<p><a href=\"https:\/\/juanmanuelpelaez.com\/en\/liverpool\/\">Edge Hill Station Pavilion, 2008<\/a><\/p>\n<h5>Work in progress<\/h5>\n<p>\t\t\t\t\t\t\t\t\t\t\t\t\t\t\t\t<a href=\"https:\/\/juanmanuelpelaez.com\/wp-content\/uploads\/2021\/06\/Casa-VL-scaled.jpg\" data-elementor-open-lightbox=\"yes\"><br \/>\n\t\t\t\t\t\t\t<img decoding=\"async\" src=\"https:\/\/juanmanuelpelaez.com\/wp-content\/uploads\/elementor\/thumbs\/Casa-VL-scaled-p81gzodiq8ehtmb7boly90mavgkkr1aqy0mai096w8.jpg\" title=\"\" alt=\"\" \/>\t\t\t\t\t\t\t\t<\/a><\/p>\n<p>VL House, 2021<\/p>\n<p>\t\t\t\t\t\t\t\t\t\t\t\t\t\t\t\t<a href=\"https:\/\/juanmanuelpelaez.com\/wp-content\/uploads\/2021\/05\/FINAL-AEREA-scaled.jpg\" data-elementor-open-lightbox=\"yes\"><br \/>\n\t\t\t\t\t\t\t<img decoding=\"async\" src=\"https:\/\/juanmanuelpelaez.com\/wp-content\/uploads\/elementor\/thumbs\/FINAL-AEREA-scaled-p7h1uq6lt1vqgi4l1ka8uus7msxutka60oe5pe3lt4.jpg\" title=\"\" alt=\"\" \/>\t\t\t\t\t\t\t\t<\/a><\/p>\n<p>Unib\u00e1n Foundation Preschool, 2021<\/p>\n<p>\t\t\t\t\t\t\t\t\t\t\t\t\t\t\t\t<a href=\"https:\/\/juanmanuelpelaez.com\/wp-content\/uploads\/2021\/06\/Parque-Biodina\u0301mico-scaled.jpg\" data-elementor-open-lightbox=\"yes\"><br \/>\n\t\t\t\t\t\t\t<img decoding=\"async\" src=\"https:\/\/juanmanuelpelaez.com\/wp-content\/uploads\/elementor\/thumbs\/Parque-Biodina\u0301mico-scaled-p81i5ntzztvkelbq5ty1mf7i31mskbz4ptn26y04yw.jpg\" title=\"\" alt=\"\" \/>\t\t\t\t\t\t\t\t<\/a><\/p>\n<p>Biodynamic Park, 2021<\/p>\n<p>\t\t\t\t\t\t\t\t\t\t\t\t\t\t\t\t<a href=\"https:\/\/juanmanuelpelaez.com\/wp-content\/uploads\/2021\/06\/Nueva-Facultad-de-Artes-Universidad-Nacional-scaled.jpg\" data-elementor-open-lightbox=\"yes\"><br \/>\n\t\t\t\t\t\t\t<img decoding=\"async\" src=\"https:\/\/juanmanuelpelaez.com\/wp-content\/uploads\/elementor\/thumbs\/Nueva-Facultad-de-Artes-Universidad-Nacional-scaled-p81i70plv7qh6bcq8f2n82vgz2xvold68jkb5bznzc.jpg\" title=\"\" alt=\"\" \/>\t\t\t\t\t\t\t\t<\/a><\/p>\n<p>National University Arts Faculty, 2021<\/p>\n<p>\t\t\t<a href=\"#Top\"><br \/>\n\t\t\t\t\t\t<\/a><\/p>","protected":false},"excerpt":{"rendered":"<p>Institucional Vivienda Comercial Espacio p\u00fablico Proyectos en desarrollo Institucional Vivienda Comercial Espacio p\u00fablico Centro Empresarial COOMEVA, 2012 Museo Interactivo de la Hidroelectricidad, 2015 Facultad de Artes Universidad Nacional, 2021 Centro de Idiomas Universidad EAFIT, 2018 Colegio Bureche, 2017 Preescolar Fundaci\u00f3n Unib\u00e1n, 2021 Centro Educativo Pasacaballos, 2021 Colegios Ministerio Educaci\u00f3n Nacional, 2012 Centro Cultural de Espa\u00f1a, &hellip;<\/p>\n<p class=\"read-more\"> <a class=\"\" href=\"https:\/\/juanmanuelpelaez.com\/en\/proyectos\/\"> <span class=\"screen-reader-text\">Projects<\/span> Read More &raquo;<\/a><\/p>","protected":false},"author":1,"featured_media":0,"parent":0,"menu_order":0,"comment_status":"closed","ping_status":"closed","template":"elementor_theme","meta":{"site-sidebar-layout":"no-sidebar","site-content-layout":"page-builder","ast-main-header-display":"","ast-hfb-above-header-display":"","ast-hfb-below-header-display":"","ast-hfb-mobile-header-display":"","site-post-title":"disabled","ast-breadcrumbs-content":"","ast-featured-img":"disabled","footer-sml-layout":"","theme-transparent-header-meta":"default","adv-header-id-meta":"","stick-header-meta":"","header-above-stick-meta":"","header-main-stick-meta":"","header-below-stick-meta":"","footnotes":""},"_links":{"self":[{"href":"https:\/\/juanmanuelpelaez.com\/en\/wp-json\/wp\/v2\/pages\/1065"}],"collection":[{"href":"https:\/\/juanmanuelpelaez.com\/en\/wp-json\/wp\/v2\/pages"}],"about":[{"href":"https:\/\/juanmanuelpelaez.com\/en\/wp-json\/wp\/v2\/types\/page"}],"author":[{"embeddable":true,"href":"https:\/\/juanmanuelpelaez.com\/en\/wp-json\/wp\/v2\/users\/1"}],"replies":[{"embeddable":true,"href":"https:\/\/juanmanuelpelaez.com\/en\/wp-json\/wp\/v2\/comments?post=1065"}],"version-history":[{"count":325,"href":"https:\/\/juanmanuelpelaez.com\/en\/wp-json\/wp\/v2\/pages\/1065\/revisions"}],"predecessor-version":[{"id":2664,"href":"https:\/\/juanmanuelpelaez.com\/en\/wp-json\/wp\/v2\/pages\/1065\/revisions\/2664"}],"wp:attachment":[{"href":"https:\/\/juanmanuelpelaez.com\/en\/wp-json\/wp\/v2\/media?parent=1065"}],"curies":[{"name":"wp","href":"https:\/\/api.w.org\/{rel}","templated":true}]}}