{"id":1115,"date":"2021-05-01T17:22:51","date_gmt":"2021-05-01T17:22:51","guid":{"rendered":"https:\/\/juanmanuelpelaez.com\/?page_id=1115"},"modified":"2021-05-31T02:15:09","modified_gmt":"2021-05-31T02:15:09","slug":"centro-idiomas-eafit","status":"publish","type":"page","link":"https:\/\/juanmanuelpelaez.com\/en\/centro-idiomas-eafit\/","title":{"rendered":"EAFIT University Language Center"},"content":{"rendered":"<h5>EAFIT University Language Center<\/h5>\n<h6>Medell\u00edn, Colombia<\/h6>\n<p>The first fragment of the project seen from the geometric language is a piece of coupling to the topographic condition of the terrain. It also has a trace in its lines that we made from some drawings by Eduardo Chillida. We wanted to build a piece with a solid appearance more related to large monolithic masses.<\/p>\n<p>The second fragment is a rectangular volume conceptually detached from the first, we make this separation precisely to achieve that duality in the project. In this volume the entire academic program of the language center is located, and its main characteristic is the tectonics of the South fa\u00e7ade, which is made up of a system of 700 pieces of perforated GRC concrete to guarantee an exchange of air inside and act as a shield from the setting sun.<\/p>\n<p>Team:<br \/>Juan Manuel Pel\u00e1ez<br \/>Juan Esteban Ram\u00edrez<br \/>Mariana Mej\u00eda<br \/>Daniela Cano<br \/>Catalina Aristiz\u00e1bal<\/p>\n<p>End date: 2018<\/p>\n<p>Photography: Juan Uribe\/@skeye.photo<\/p>","protected":false},"excerpt":{"rendered":"<p>Centro de Idiomas Universidad EAFIT Medell\u00edn, Colombia El primer fragmento del proyecto visto desde el lenguaje geom\u00e9trico es una pieza de acoplamiento a la condici\u00f3n topogr\u00e1fica del lugar. Tiene tambi\u00e9n un trazo en sus l\u00edneas que lo hicimos a partir de unos dibujos de Eduardo Chillida. Quer\u00edamos construir una pieza con un aspecto macizo m\u00e1s &hellip;<\/p>\n<p class=\"read-more\"> <a class=\"\" href=\"https:\/\/juanmanuelpelaez.com\/en\/centro-idiomas-eafit\/\"> <span class=\"screen-reader-text\">EAFIT University Language Center<\/span> Read More &raquo;<\/a><\/p>","protected":false},"author":1,"featured_media":0,"parent":0,"menu_order":0,"comment_status":"closed","ping_status":"closed","template":"elementor_theme","meta":{"site-sidebar-layout":"no-sidebar","site-content-layout":"page-builder","ast-main-header-display":"","ast-hfb-above-header-display":"","ast-hfb-below-header-display":"","ast-hfb-mobile-header-display":"","site-post-title":"disabled","ast-breadcrumbs-content":"","ast-featured-img":"disabled","footer-sml-layout":"","theme-transparent-header-meta":"default","adv-header-id-meta":"","stick-header-meta":"","header-above-stick-meta":"","header-main-stick-meta":"","header-below-stick-meta":"","footnotes":""},"_links":{"self":[{"href":"https:\/\/juanmanuelpelaez.com\/en\/wp-json\/wp\/v2\/pages\/1115"}],"collection":[{"href":"https:\/\/juanmanuelpelaez.com\/en\/wp-json\/wp\/v2\/pages"}],"about":[{"href":"https:\/\/juanmanuelpelaez.com\/en\/wp-json\/wp\/v2\/types\/page"}],"author":[{"embeddable":true,"href":"https:\/\/juanmanuelpelaez.com\/en\/wp-json\/wp\/v2\/users\/1"}],"replies":[{"embeddable":true,"href":"https:\/\/juanmanuelpelaez.com\/en\/wp-json\/wp\/v2\/comments?post=1115"}],"version-history":[{"count":107,"href":"https:\/\/juanmanuelpelaez.com\/en\/wp-json\/wp\/v2\/pages\/1115\/revisions"}],"predecessor-version":[{"id":2569,"href":"https:\/\/juanmanuelpelaez.com\/en\/wp-json\/wp\/v2\/pages\/1115\/revisions\/2569"}],"wp:attachment":[{"href":"https:\/\/juanmanuelpelaez.com\/en\/wp-json\/wp\/v2\/media?parent=1115"}],"curies":[{"name":"wp","href":"https:\/\/api.w.org\/{rel}","templated":true}]}}