{"id":1328,"date":"2021-05-08T16:38:32","date_gmt":"2021-05-08T16:38:32","guid":{"rendered":"https:\/\/juanmanuelpelaez.com\/?page_id=1328"},"modified":"2021-05-26T14:24:21","modified_gmt":"2021-05-26T14:24:21","slug":"claro-de-luna","status":"publish","type":"page","link":"https:\/\/juanmanuelpelaez.com\/en\/claro-de-luna\/","title":{"rendered":"Moonlight House"},"content":{"rendered":"<h5>Moonlight House<\/h5>\n<h6>El Pe\u00f1ol, Colombia<\/h6>\n<p>Team:<br \/>Juan Manuel Pel\u00e1ez\/ Nicol\u00e1s Hermel\u00edn<br \/>Juan Esteban Ram\u00edrez<br \/>Daniel Pel\u00e1ez<\/p>\n<p>End date: 2012<\/p>\n<p>Photography: Juan Uribe\/@skeye.photo<\/p>","protected":false},"excerpt":{"rendered":"<p>Casa Claro de Luna El Pe\u00f1ol, Colombia Equipo:Juan Manuel Pel\u00e1ez\/ Nicol\u00e1s Hermel\u00ednJuan Esteban Ram\u00edrezDaniel Pel\u00e1ez Finalizaci\u00f3n: 2012 Fotograf\u00eda: Juan Uribe\/@skeye.photo<\/p>","protected":false},"author":1,"featured_media":0,"parent":0,"menu_order":0,"comment_status":"closed","ping_status":"closed","template":"elementor_theme","meta":{"site-sidebar-layout":"no-sidebar","site-content-layout":"page-builder","ast-main-header-display":"","ast-hfb-above-header-display":"","ast-hfb-below-header-display":"","ast-hfb-mobile-header-display":"","site-post-title":"disabled","ast-breadcrumbs-content":"","ast-featured-img":"disabled","footer-sml-layout":"","theme-transparent-header-meta":"default","adv-header-id-meta":"","stick-header-meta":"","header-above-stick-meta":"","header-main-stick-meta":"","header-below-stick-meta":"","footnotes":""},"_links":{"self":[{"href":"https:\/\/juanmanuelpelaez.com\/en\/wp-json\/wp\/v2\/pages\/1328"}],"collection":[{"href":"https:\/\/juanmanuelpelaez.com\/en\/wp-json\/wp\/v2\/pages"}],"about":[{"href":"https:\/\/juanmanuelpelaez.com\/en\/wp-json\/wp\/v2\/types\/page"}],"author":[{"embeddable":true,"href":"https:\/\/juanmanuelpelaez.com\/en\/wp-json\/wp\/v2\/users\/1"}],"replies":[{"embeddable":true,"href":"https:\/\/juanmanuelpelaez.com\/en\/wp-json\/wp\/v2\/comments?post=1328"}],"version-history":[{"count":32,"href":"https:\/\/juanmanuelpelaez.com\/en\/wp-json\/wp\/v2\/pages\/1328\/revisions"}],"predecessor-version":[{"id":2340,"href":"https:\/\/juanmanuelpelaez.com\/en\/wp-json\/wp\/v2\/pages\/1328\/revisions\/2340"}],"wp:attachment":[{"href":"https:\/\/juanmanuelpelaez.com\/en\/wp-json\/wp\/v2\/media?parent=1328"}],"curies":[{"name":"wp","href":"https:\/\/api.w.org\/{rel}","templated":true}]}}