{"id":1382,"date":"2021-05-08T22:40:46","date_gmt":"2021-05-08T22:40:46","guid":{"rendered":"https:\/\/juanmanuelpelaez.com\/?page_id=1382"},"modified":"2021-05-26T14:27:30","modified_gmt":"2021-05-26T14:27:30","slug":"casacampina","status":"publish","type":"page","link":"https:\/\/juanmanuelpelaez.com\/en\/casacampina\/","title":{"rendered":"Countryside House"},"content":{"rendered":"<h5>Countryside House<\/h5>\n<h6>La Ceja, Colombia<\/h6>\n<p>Team:<br \/>Juan Manuel Pel\u00e1ez<br \/>Ver\u00f3nica Franco<br \/>Mariana Escobar<\/p>\n<p>End date: 2019<\/p>\n<p>Photography: Juan Uribe\/@skeye.photo<\/p>","protected":false},"excerpt":{"rendered":"<p>Casa Campi\u00f1a La Ceja, Colombia Equipo:Juan Manuel Pel\u00e1ezVer\u00f3nica FrancoMariana Escobar Finalizaci\u00f3n: 2019 Fotograf\u00eda: Juan Uribe\/@skeye.photo<\/p>","protected":false},"author":1,"featured_media":0,"parent":0,"menu_order":0,"comment_status":"closed","ping_status":"closed","template":"elementor_theme","meta":{"site-sidebar-layout":"no-sidebar","site-content-layout":"page-builder","ast-main-header-display":"","ast-hfb-above-header-display":"","ast-hfb-below-header-display":"","ast-hfb-mobile-header-display":"","site-post-title":"disabled","ast-breadcrumbs-content":"","ast-featured-img":"disabled","footer-sml-layout":"","theme-transparent-header-meta":"default","adv-header-id-meta":"","stick-header-meta":"","header-above-stick-meta":"","header-main-stick-meta":"","header-below-stick-meta":"","footnotes":""},"_links":{"self":[{"href":"https:\/\/juanmanuelpelaez.com\/en\/wp-json\/wp\/v2\/pages\/1382"}],"collection":[{"href":"https:\/\/juanmanuelpelaez.com\/en\/wp-json\/wp\/v2\/pages"}],"about":[{"href":"https:\/\/juanmanuelpelaez.com\/en\/wp-json\/wp\/v2\/types\/page"}],"author":[{"embeddable":true,"href":"https:\/\/juanmanuelpelaez.com\/en\/wp-json\/wp\/v2\/users\/1"}],"replies":[{"embeddable":true,"href":"https:\/\/juanmanuelpelaez.com\/en\/wp-json\/wp\/v2\/comments?post=1382"}],"version-history":[{"count":23,"href":"https:\/\/juanmanuelpelaez.com\/en\/wp-json\/wp\/v2\/pages\/1382\/revisions"}],"predecessor-version":[{"id":2346,"href":"https:\/\/juanmanuelpelaez.com\/en\/wp-json\/wp\/v2\/pages\/1382\/revisions\/2346"}],"wp:attachment":[{"href":"https:\/\/juanmanuelpelaez.com\/en\/wp-json\/wp\/v2\/media?parent=1382"}],"curies":[{"name":"wp","href":"https:\/\/api.w.org\/{rel}","templated":true}]}}