{"id":1391,"date":"2021-05-08T22:46:58","date_gmt":"2021-05-08T22:46:58","guid":{"rendered":"https:\/\/juanmanuelpelaez.com\/?page_id=1391"},"modified":"2021-05-25T00:41:22","modified_gmt":"2021-05-25T00:41:22","slug":"casa8","status":"publish","type":"page","link":"https:\/\/juanmanuelpelaez.com\/en\/casa8\/","title":{"rendered":"House 8"},"content":{"rendered":"<h5>House 8<\/h5>\n<h6>La Ceja, Colombia<\/h6>\n<p>Team:<br \/>Juan Manuel Pel\u00e1ez<br \/>Juan Esteban Ram\u00edrez<\/p>\n<p>End date: 2017<\/p>\n<p>Photography: Juan Uribe\/@skeye.photo<\/p>","protected":false},"excerpt":{"rendered":"<p>Casa 8 La Ceja, Colombia Equipo:Juan Manuel Pel\u00e1ezJuan Esteban Ram\u00edrez Finalizaci\u00f3n: 2017 Fotograf\u00eda: Juan Uribe\/@skeye.photo<\/p>","protected":false},"author":1,"featured_media":0,"parent":0,"menu_order":0,"comment_status":"closed","ping_status":"closed","template":"elementor_theme","meta":{"site-sidebar-layout":"no-sidebar","site-content-layout":"page-builder","ast-main-header-display":"","ast-hfb-above-header-display":"","ast-hfb-below-header-display":"","ast-hfb-mobile-header-display":"","site-post-title":"disabled","ast-breadcrumbs-content":"","ast-featured-img":"disabled","footer-sml-layout":"","theme-transparent-header-meta":"default","adv-header-id-meta":"","stick-header-meta":"","header-above-stick-meta":"","header-main-stick-meta":"","header-below-stick-meta":"","footnotes":""},"_links":{"self":[{"href":"https:\/\/juanmanuelpelaez.com\/en\/wp-json\/wp\/v2\/pages\/1391"}],"collection":[{"href":"https:\/\/juanmanuelpelaez.com\/en\/wp-json\/wp\/v2\/pages"}],"about":[{"href":"https:\/\/juanmanuelpelaez.com\/en\/wp-json\/wp\/v2\/types\/page"}],"author":[{"embeddable":true,"href":"https:\/\/juanmanuelpelaez.com\/en\/wp-json\/wp\/v2\/users\/1"}],"replies":[{"embeddable":true,"href":"https:\/\/juanmanuelpelaez.com\/en\/wp-json\/wp\/v2\/comments?post=1391"}],"version-history":[{"count":18,"href":"https:\/\/juanmanuelpelaez.com\/en\/wp-json\/wp\/v2\/pages\/1391\/revisions"}],"predecessor-version":[{"id":2282,"href":"https:\/\/juanmanuelpelaez.com\/en\/wp-json\/wp\/v2\/pages\/1391\/revisions\/2282"}],"wp:attachment":[{"href":"https:\/\/juanmanuelpelaez.com\/en\/wp-json\/wp\/v2\/media?parent=1391"}],"curies":[{"name":"wp","href":"https:\/\/api.w.org\/{rel}","templated":true}]}}