{"id":1457,"date":"2021-05-08T22:58:44","date_gmt":"2021-05-08T22:58:44","guid":{"rendered":"https:\/\/juanmanuelpelaez.com\/?page_id=1457"},"modified":"2021-05-25T00:42:19","modified_gmt":"2021-05-25T00:42:19","slug":"siberia","status":"publish","type":"page","link":"https:\/\/juanmanuelpelaez.com\/en\/siberia\/","title":{"rendered":"Siberia House"},"content":{"rendered":"<h5>Siberia House<\/h5>\n<h6>El Retiro, Colombia<\/h6>\n<p>Team:<br \/>Juan Manuel Pel\u00e1ez\/Mauricio Gaviria<br \/>Leonardo Boh\u00f3rquez<\/p>\n<p>End date: 2004<\/p>\n<p>Photography: Juan Uribe\/@skeye.photo<\/p>","protected":false},"excerpt":{"rendered":"<p>Casa Siberia El Retiro, Colombia Equipo:Juan Manuel Pel\u00e1ez\/Mauricio GaviriaLeonardo Boh\u00f3rquez Finalizaci\u00f3n: 2004 Fotograf\u00eda: Juan Uribe\/@skeye.photo<\/p>","protected":false},"author":1,"featured_media":0,"parent":0,"menu_order":0,"comment_status":"closed","ping_status":"closed","template":"elementor_theme","meta":{"site-sidebar-layout":"no-sidebar","site-content-layout":"page-builder","ast-main-header-display":"","ast-hfb-above-header-display":"","ast-hfb-below-header-display":"","ast-hfb-mobile-header-display":"","site-post-title":"disabled","ast-breadcrumbs-content":"","ast-featured-img":"disabled","footer-sml-layout":"","theme-transparent-header-meta":"default","adv-header-id-meta":"","stick-header-meta":"","header-above-stick-meta":"","header-main-stick-meta":"","header-below-stick-meta":"","footnotes":""},"_links":{"self":[{"href":"https:\/\/juanmanuelpelaez.com\/en\/wp-json\/wp\/v2\/pages\/1457"}],"collection":[{"href":"https:\/\/juanmanuelpelaez.com\/en\/wp-json\/wp\/v2\/pages"}],"about":[{"href":"https:\/\/juanmanuelpelaez.com\/en\/wp-json\/wp\/v2\/types\/page"}],"author":[{"embeddable":true,"href":"https:\/\/juanmanuelpelaez.com\/en\/wp-json\/wp\/v2\/users\/1"}],"replies":[{"embeddable":true,"href":"https:\/\/juanmanuelpelaez.com\/en\/wp-json\/wp\/v2\/comments?post=1457"}],"version-history":[{"count":25,"href":"https:\/\/juanmanuelpelaez.com\/en\/wp-json\/wp\/v2\/pages\/1457\/revisions"}],"predecessor-version":[{"id":2302,"href":"https:\/\/juanmanuelpelaez.com\/en\/wp-json\/wp\/v2\/pages\/1457\/revisions\/2302"}],"wp:attachment":[{"href":"https:\/\/juanmanuelpelaez.com\/en\/wp-json\/wp\/v2\/media?parent=1457"}],"curies":[{"name":"wp","href":"https:\/\/api.w.org\/{rel}","templated":true}]}}