{"id":1729,"date":"2021-05-21T02:16:11","date_gmt":"2021-05-21T02:16:11","guid":{"rendered":"https:\/\/juanmanuelpelaez.com\/?page_id=1729"},"modified":"2021-05-25T00:30:01","modified_gmt":"2021-05-25T00:30:01","slug":"bureche","status":"publish","type":"page","link":"https:\/\/juanmanuelpelaez.com\/en\/bureche\/","title":{"rendered":"Bureche School"},"content":{"rendered":"<h5>Bureche School<\/h5>\n<h6>Santa Marta, Colombia<\/h6>\n<p>Team:<br \/>Juan Manuel Pel\u00e1ez\/ Mauricio Gaviria<br \/>Leonardo Boh\u00f3rquez<br \/>Daniel Gonz\u00e1lez<br \/>Billy Hurtado<br \/>Juan Esteban Ram\u00edrez<\/p>\n<p>End date: 2017<\/p>","protected":false},"excerpt":{"rendered":"<p>Colegio Bureche Santa Marta, Colombia Equipo:Juan Manuel Pel\u00e1ez\/ Mauricio GaviriaLeonardo Boh\u00f3rquezDaniel Gonz\u00e1lezBilly HurtadoJuan Esteban Ram\u00edrez Finalizaci\u00f3n: 2017<\/p>","protected":false},"author":1,"featured_media":0,"parent":0,"menu_order":0,"comment_status":"closed","ping_status":"closed","template":"","meta":{"site-sidebar-layout":"no-sidebar","site-content-layout":"page-builder","ast-main-header-display":"","ast-hfb-above-header-display":"","ast-hfb-below-header-display":"","ast-hfb-mobile-header-display":"","site-post-title":"disabled","ast-breadcrumbs-content":"","ast-featured-img":"disabled","footer-sml-layout":"","theme-transparent-header-meta":"default","adv-header-id-meta":"","stick-header-meta":"","header-above-stick-meta":"","header-main-stick-meta":"","header-below-stick-meta":"","footnotes":""},"_links":{"self":[{"href":"https:\/\/juanmanuelpelaez.com\/en\/wp-json\/wp\/v2\/pages\/1729"}],"collection":[{"href":"https:\/\/juanmanuelpelaez.com\/en\/wp-json\/wp\/v2\/pages"}],"about":[{"href":"https:\/\/juanmanuelpelaez.com\/en\/wp-json\/wp\/v2\/types\/page"}],"author":[{"embeddable":true,"href":"https:\/\/juanmanuelpelaez.com\/en\/wp-json\/wp\/v2\/users\/1"}],"replies":[{"embeddable":true,"href":"https:\/\/juanmanuelpelaez.com\/en\/wp-json\/wp\/v2\/comments?post=1729"}],"version-history":[{"count":16,"href":"https:\/\/juanmanuelpelaez.com\/en\/wp-json\/wp\/v2\/pages\/1729\/revisions"}],"predecessor-version":[{"id":2248,"href":"https:\/\/juanmanuelpelaez.com\/en\/wp-json\/wp\/v2\/pages\/1729\/revisions\/2248"}],"wp:attachment":[{"href":"https:\/\/juanmanuelpelaez.com\/en\/wp-json\/wp\/v2\/media?parent=1729"}],"curies":[{"name":"wp","href":"https:\/\/api.w.org\/{rel}","templated":true}]}}