{"id":1754,"date":"2021-05-21T02:34:35","date_gmt":"2021-05-21T02:34:35","guid":{"rendered":"https:\/\/juanmanuelpelaez.com\/?page_id=1754"},"modified":"2021-05-25T00:30:44","modified_gmt":"2021-05-25T00:30:44","slug":"uniban","status":"publish","type":"page","link":"https:\/\/juanmanuelpelaez.com\/en\/uniban\/","title":{"rendered":"Unib\u00e1n Foundation Preschool"},"content":{"rendered":"<h5>Unib\u00e1n Foundation Preschool<\/h5>\n<h6>Apartad\u00f3, Colombia<\/h6>\n<p>Team:<br \/>Juan Manuel Pel\u00e1ez<br \/>Juan Esteban Ram\u00edrez<\/p>\n<p>Date: in construction<\/p>","protected":false},"excerpt":{"rendered":"<p>Preescolar Fundaci\u00f3n Unib\u00e1n Apartad\u00f3, Colombia Equipo:Juan Manuel Pel\u00e1ezJuan Esteban Ram\u00edrez Fecha: en proceso de construcci\u00f3n.<\/p>","protected":false},"author":1,"featured_media":0,"parent":0,"menu_order":0,"comment_status":"closed","ping_status":"closed","template":"","meta":{"site-sidebar-layout":"no-sidebar","site-content-layout":"page-builder","ast-main-header-display":"","ast-hfb-above-header-display":"","ast-hfb-below-header-display":"","ast-hfb-mobile-header-display":"","site-post-title":"disabled","ast-breadcrumbs-content":"","ast-featured-img":"disabled","footer-sml-layout":"","theme-transparent-header-meta":"default","adv-header-id-meta":"","stick-header-meta":"","header-above-stick-meta":"","header-main-stick-meta":"","header-below-stick-meta":"","footnotes":""},"_links":{"self":[{"href":"https:\/\/juanmanuelpelaez.com\/en\/wp-json\/wp\/v2\/pages\/1754"}],"collection":[{"href":"https:\/\/juanmanuelpelaez.com\/en\/wp-json\/wp\/v2\/pages"}],"about":[{"href":"https:\/\/juanmanuelpelaez.com\/en\/wp-json\/wp\/v2\/types\/page"}],"author":[{"embeddable":true,"href":"https:\/\/juanmanuelpelaez.com\/en\/wp-json\/wp\/v2\/users\/1"}],"replies":[{"embeddable":true,"href":"https:\/\/juanmanuelpelaez.com\/en\/wp-json\/wp\/v2\/comments?post=1754"}],"version-history":[{"count":14,"href":"https:\/\/juanmanuelpelaez.com\/en\/wp-json\/wp\/v2\/pages\/1754\/revisions"}],"predecessor-version":[{"id":2251,"href":"https:\/\/juanmanuelpelaez.com\/en\/wp-json\/wp\/v2\/pages\/1754\/revisions\/2251"}],"wp:attachment":[{"href":"https:\/\/juanmanuelpelaez.com\/en\/wp-json\/wp\/v2\/media?parent=1754"}],"curies":[{"name":"wp","href":"https:\/\/api.w.org\/{rel}","templated":true}]}}