{"id":1778,"date":"2021-05-21T03:20:56","date_gmt":"2021-05-21T03:20:56","guid":{"rendered":"https:\/\/juanmanuelpelaez.com\/?page_id=1778"},"modified":"2021-05-25T00:34:39","modified_gmt":"2021-05-25T00:34:39","slug":"isagen","status":"publish","type":"page","link":"https:\/\/juanmanuelpelaez.com\/en\/isagen\/","title":{"rendered":"Interactive Museum of Hydroelectricity"},"content":{"rendered":"<h5>Interactive Museum of Hydroelectricity<\/h5>\n<h6>Private Contest, First Place<\/h6>\n<h6>Santander, Colombia<\/h6>\n<p>Team:<br \/>Juan Manuel Pel\u00e1ez<br \/>Juan Esteban Ram\u00edrez<br \/>Andrea D\u00edaz<br \/>Billy Hurtado<br \/>Mariana Mej\u00eda<br \/>Laura Jaramillo<br \/>Monica P\u00e1ez<\/p>\n<p>Date: 2015<\/p>","protected":false},"excerpt":{"rendered":"<p>Museo Interactivo de la Hidroelectricidad ISAGEN Concurso Privado, Primer Puesto Santander, Colombia Equipo:Juan Manuel Pel\u00e1ezJuan Esteban Ram\u00edrezAndrea D\u00edazBilly HurtadoMariana Mej\u00edaLaura JaramilloMonica P\u00e1ez Fecha: 2015<\/p>","protected":false},"author":1,"featured_media":0,"parent":0,"menu_order":0,"comment_status":"closed","ping_status":"closed","template":"","meta":{"site-sidebar-layout":"no-sidebar","site-content-layout":"page-builder","ast-main-header-display":"","ast-hfb-above-header-display":"","ast-hfb-below-header-display":"","ast-hfb-mobile-header-display":"","site-post-title":"disabled","ast-breadcrumbs-content":"","ast-featured-img":"disabled","footer-sml-layout":"","theme-transparent-header-meta":"default","adv-header-id-meta":"","stick-header-meta":"","header-above-stick-meta":"","header-main-stick-meta":"","header-below-stick-meta":"","footnotes":""},"_links":{"self":[{"href":"https:\/\/juanmanuelpelaez.com\/en\/wp-json\/wp\/v2\/pages\/1778"}],"collection":[{"href":"https:\/\/juanmanuelpelaez.com\/en\/wp-json\/wp\/v2\/pages"}],"about":[{"href":"https:\/\/juanmanuelpelaez.com\/en\/wp-json\/wp\/v2\/types\/page"}],"author":[{"embeddable":true,"href":"https:\/\/juanmanuelpelaez.com\/en\/wp-json\/wp\/v2\/users\/1"}],"replies":[{"embeddable":true,"href":"https:\/\/juanmanuelpelaez.com\/en\/wp-json\/wp\/v2\/comments?post=1778"}],"version-history":[{"count":27,"href":"https:\/\/juanmanuelpelaez.com\/en\/wp-json\/wp\/v2\/pages\/1778\/revisions"}],"predecessor-version":[{"id":2266,"href":"https:\/\/juanmanuelpelaez.com\/en\/wp-json\/wp\/v2\/pages\/1778\/revisions\/2266"}],"wp:attachment":[{"href":"https:\/\/juanmanuelpelaez.com\/en\/wp-json\/wp\/v2\/media?parent=1778"}],"curies":[{"name":"wp","href":"https:\/\/api.w.org\/{rel}","templated":true}]}}