{"id":1813,"date":"2021-05-21T03:42:36","date_gmt":"2021-05-21T03:42:36","guid":{"rendered":"https:\/\/juanmanuelpelaez.com\/?page_id=1813"},"modified":"2021-05-25T00:31:19","modified_gmt":"2021-05-25T00:31:19","slug":"pasacaballos","status":"publish","type":"page","link":"https:\/\/juanmanuelpelaez.com\/en\/pasacaballos\/","title":{"rendered":"Pasacaballos Educational Center"},"content":{"rendered":"<h5>Pasacaballos Educational Center<\/h5>\n<h6>Cartagena, Colombia<\/h6>\n<p>Team:<br \/>Juan Manuel Pel\u00e1ez<br \/>Maria Jos\u00e9 Arango<br \/>Laura Maya<\/p>\n<p>Date: in construction<\/p>","protected":false},"excerpt":{"rendered":"<p>Centro Educativo Pasacaballos Cartagena, Colombia Equipo:Juan Manuel Pel\u00e1ezMaria Jos\u00e9 ArangoLaura Maya Fecha: en proceso de construcci\u00f3n<\/p>","protected":false},"author":1,"featured_media":0,"parent":0,"menu_order":0,"comment_status":"closed","ping_status":"closed","template":"","meta":{"site-sidebar-layout":"no-sidebar","site-content-layout":"page-builder","ast-main-header-display":"","ast-hfb-above-header-display":"","ast-hfb-below-header-display":"","ast-hfb-mobile-header-display":"","site-post-title":"disabled","ast-breadcrumbs-content":"","ast-featured-img":"disabled","footer-sml-layout":"","theme-transparent-header-meta":"default","adv-header-id-meta":"","stick-header-meta":"","header-above-stick-meta":"","header-main-stick-meta":"","header-below-stick-meta":"","footnotes":""},"_links":{"self":[{"href":"https:\/\/juanmanuelpelaez.com\/en\/wp-json\/wp\/v2\/pages\/1813"}],"collection":[{"href":"https:\/\/juanmanuelpelaez.com\/en\/wp-json\/wp\/v2\/pages"}],"about":[{"href":"https:\/\/juanmanuelpelaez.com\/en\/wp-json\/wp\/v2\/types\/page"}],"author":[{"embeddable":true,"href":"https:\/\/juanmanuelpelaez.com\/en\/wp-json\/wp\/v2\/users\/1"}],"replies":[{"embeddable":true,"href":"https:\/\/juanmanuelpelaez.com\/en\/wp-json\/wp\/v2\/comments?post=1813"}],"version-history":[{"count":17,"href":"https:\/\/juanmanuelpelaez.com\/en\/wp-json\/wp\/v2\/pages\/1813\/revisions"}],"predecessor-version":[{"id":2254,"href":"https:\/\/juanmanuelpelaez.com\/en\/wp-json\/wp\/v2\/pages\/1813\/revisions\/2254"}],"wp:attachment":[{"href":"https:\/\/juanmanuelpelaez.com\/en\/wp-json\/wp\/v2\/media?parent=1813"}],"curies":[{"name":"wp","href":"https:\/\/api.w.org\/{rel}","templated":true}]}}