{"id":1836,"date":"2021-05-21T03:52:49","date_gmt":"2021-05-21T03:52:49","guid":{"rendered":"https:\/\/juanmanuelpelaez.com\/?page_id=1836"},"modified":"2021-05-25T00:35:57","modified_gmt":"2021-05-25T00:35:57","slug":"universidad-nacional","status":"publish","type":"page","link":"https:\/\/juanmanuelpelaez.com\/en\/universidad-nacional\/","title":{"rendered":"National University Arts Faculty"},"content":{"rendered":"<h5>National University Arts Faculty<\/h5>\n<h6>Public Contest, First Place<\/h6>\n<h6>Bogot\u00e1, Colombia<\/h6>\n<p>Team:<br \/>Juan Manuel Pel\u00e1ez\/ AIA Arquitectos e Ingenieros Asociados<br \/>Juan Esteban Ram\u00edrez<br \/>Jorge G\u00f3mez<br \/>Daniel Herrera<\/p>\n<p>Date: 2014 - in construction<\/p>","protected":false},"excerpt":{"rendered":"<p>Facultad de Artes Universidad Nacional Concurso P\u00fablico, Primer Puesto Bogot\u00e1, Colombia Equipo:Juan Manuel Pel\u00e1ez\/ AIA Arquitectos e Ingenieros AsociadosJuan Esteban Ram\u00edrezJorge G\u00f3mezDaniel Herrera Fecha: 2014 \u2013 en proceso de construcci\u00f3n<\/p>","protected":false},"author":1,"featured_media":0,"parent":0,"menu_order":0,"comment_status":"closed","ping_status":"closed","template":"","meta":{"site-sidebar-layout":"no-sidebar","site-content-layout":"page-builder","ast-main-header-display":"","ast-hfb-above-header-display":"","ast-hfb-below-header-display":"","ast-hfb-mobile-header-display":"","site-post-title":"disabled","ast-breadcrumbs-content":"","ast-featured-img":"disabled","footer-sml-layout":"","theme-transparent-header-meta":"default","adv-header-id-meta":"","stick-header-meta":"","header-above-stick-meta":"","header-main-stick-meta":"","header-below-stick-meta":"","footnotes":""},"_links":{"self":[{"href":"https:\/\/juanmanuelpelaez.com\/en\/wp-json\/wp\/v2\/pages\/1836"}],"collection":[{"href":"https:\/\/juanmanuelpelaez.com\/en\/wp-json\/wp\/v2\/pages"}],"about":[{"href":"https:\/\/juanmanuelpelaez.com\/en\/wp-json\/wp\/v2\/types\/page"}],"author":[{"embeddable":true,"href":"https:\/\/juanmanuelpelaez.com\/en\/wp-json\/wp\/v2\/users\/1"}],"replies":[{"embeddable":true,"href":"https:\/\/juanmanuelpelaez.com\/en\/wp-json\/wp\/v2\/comments?post=1836"}],"version-history":[{"count":20,"href":"https:\/\/juanmanuelpelaez.com\/en\/wp-json\/wp\/v2\/pages\/1836\/revisions"}],"predecessor-version":[{"id":2272,"href":"https:\/\/juanmanuelpelaez.com\/en\/wp-json\/wp\/v2\/pages\/1836\/revisions\/2272"}],"wp:attachment":[{"href":"https:\/\/juanmanuelpelaez.com\/en\/wp-json\/wp\/v2\/media?parent=1836"}],"curies":[{"name":"wp","href":"https:\/\/api.w.org\/{rel}","templated":true}]}}