{"id":1880,"date":"2021-05-21T04:27:42","date_gmt":"2021-05-21T04:27:42","guid":{"rendered":"https:\/\/juanmanuelpelaez.com\/?page_id=1880"},"modified":"2021-05-31T02:14:28","modified_gmt":"2021-05-31T02:14:28","slug":"liverpool","status":"publish","type":"page","link":"https:\/\/juanmanuelpelaez.com\/en\/liverpool\/","title":{"rendered":"Pabell\u00f3n Edge Hill Station"},"content":{"rendered":"<h5>Edge Hill Train Station Pavilion<\/h5>\n<h6>European Cultural Biennale<br \/>\nSteel Pencil Award Winner, ephemeral spaces category. 2008<br \/>\n<\/h6>\n<h6>Liverpool, Reino Unido<\/h6>\n<p>Initially, the purpose of our participation was to make a pavilion to increase the physical exhibition area for the programming of the Art Biennale. It coincided that in 2008 Liverpool was selected as the European cultural capital and for this reason the city had to prepare to receive a greater number of visitors for more than a year.<\/p>\n<p>Edge Hill station is the oldest in the world, for this reason the Biennale organization decided to recover it and make it part of the exhibition spaces used for the event.<\/p>\n<p>At the site we saw some wooden blocks that were used as a finishing material for the surface of the pedestrian accesses to the buildings. Unfortunately the area that was preserved was very small and practically invisible to any visitor. The geometric shape of these wooden blocks led us to think of two ideas: an assembly and a sequence; both concepts lead to movement. That was what really interested us: a movement in space like travelers in a station.<\/p>\n<p>We did not reconstruct the basic idea of a pavilion, but we decided to install 600 elements with the same geometric base, but with different heights to allow different forms of the void.<\/p>\n<p>The assembly was studied so as not to obstruct the existing building and to make bays to allow outdoor activities during the biennial.<\/p>\n<p>Team:<br \/>Juan Manuel Pel\u00e1ez\/Sculptor: Luis Fernando Pel\u00e1ez<br \/>Daniel Pel\u00e1ez<br \/>Juan Esteban Ram\u00edrez<br \/>Sebastian Mej\u00eda<br \/>Edgar Mazo<\/p>\n<p>Date: 2008<\/p>","protected":false},"excerpt":{"rendered":"<p>Pabell\u00f3n para la estaci\u00f3n de tren Edge Hill Station Bienal Cultural Europea Ganador L\u00e1piz de Acero, categor\u00eda espacios ef\u00edmeros. 2008 Liverpool, Reino Unido Inicialmente el prop\u00f3sito de nuestra participaci\u00f3n era hacer un pabell\u00f3n para incrementar el \u00e1rea f\u00edsica de exposici\u00f3n para la programaci\u00f3n de la Bienal de arte. Coincidi\u00f3 que en el 2008 Liverpool fue &hellip;<\/p>\n<p class=\"read-more\"> <a class=\"\" href=\"https:\/\/juanmanuelpelaez.com\/en\/liverpool\/\"> <span class=\"screen-reader-text\">Pabell\u00f3n Edge Hill Station<\/span> Read More &raquo;<\/a><\/p>","protected":false},"author":1,"featured_media":0,"parent":0,"menu_order":0,"comment_status":"closed","ping_status":"closed","template":"","meta":{"site-sidebar-layout":"no-sidebar","site-content-layout":"page-builder","ast-main-header-display":"","ast-hfb-above-header-display":"","ast-hfb-below-header-display":"","ast-hfb-mobile-header-display":"","site-post-title":"disabled","ast-breadcrumbs-content":"","ast-featured-img":"disabled","footer-sml-layout":"","theme-transparent-header-meta":"default","adv-header-id-meta":"","stick-header-meta":"","header-above-stick-meta":"","header-main-stick-meta":"","header-below-stick-meta":"","footnotes":""},"_links":{"self":[{"href":"https:\/\/juanmanuelpelaez.com\/en\/wp-json\/wp\/v2\/pages\/1880"}],"collection":[{"href":"https:\/\/juanmanuelpelaez.com\/en\/wp-json\/wp\/v2\/pages"}],"about":[{"href":"https:\/\/juanmanuelpelaez.com\/en\/wp-json\/wp\/v2\/types\/page"}],"author":[{"embeddable":true,"href":"https:\/\/juanmanuelpelaez.com\/en\/wp-json\/wp\/v2\/users\/1"}],"replies":[{"embeddable":true,"href":"https:\/\/juanmanuelpelaez.com\/en\/wp-json\/wp\/v2\/comments?post=1880"}],"version-history":[{"count":35,"href":"https:\/\/juanmanuelpelaez.com\/en\/wp-json\/wp\/v2\/pages\/1880\/revisions"}],"predecessor-version":[{"id":2560,"href":"https:\/\/juanmanuelpelaez.com\/en\/wp-json\/wp\/v2\/pages\/1880\/revisions\/2560"}],"wp:attachment":[{"href":"https:\/\/juanmanuelpelaez.com\/en\/wp-json\/wp\/v2\/media?parent=1880"}],"curies":[{"name":"wp","href":"https:\/\/api.w.org\/{rel}","templated":true}]}}