{"id":1938,"date":"2021-05-21T15:30:52","date_gmt":"2021-05-21T15:30:52","guid":{"rendered":"https:\/\/juanmanuelpelaez.com\/?page_id=1938"},"modified":"2021-05-25T00:33:32","modified_gmt":"2021-05-25T00:33:32","slug":"colegios-ministerio","status":"publish","type":"page","link":"https:\/\/juanmanuelpelaez.com\/en\/colegios-ministerio\/","title":{"rendered":"Colegios Ministerio de Educaci\u00f3n Nacional"},"content":{"rendered":"<h5>National Ministry of Education Schools<\/h5>\n<h6>Public Contest, First place for the Caribbean region<\/h6>\n<h6>Caribbean Region, Colombia<\/h6>\n<p>Team:<br \/>Juan Manuel Pel\u00e1ez<br \/>Juan Esteban Ram\u00edrez<br \/>Mario Camargo<br \/>Daniel Gonz\u00e1lez<br \/>Jorge G\u00f3mez<\/p>\n<p>Date: 2012<\/p>","protected":false},"excerpt":{"rendered":"<p>Colegios Ministerio de Educaci\u00f3n Nacional MEN Concurso P\u00fablico, Primer puesto para la regi\u00f3n Caribe Regi\u00f3n Caribe, Colombia Equipo:Juan Manuel Pel\u00e1ezJuan Esteban Ram\u00edrezMario CamargoDaniel Gonz\u00e1lezJorge G\u00f3mez Fecha: 2012<\/p>","protected":false},"author":1,"featured_media":0,"parent":0,"menu_order":0,"comment_status":"closed","ping_status":"closed","template":"elementor_theme","meta":{"site-sidebar-layout":"no-sidebar","site-content-layout":"page-builder","ast-main-header-display":"","ast-hfb-above-header-display":"","ast-hfb-below-header-display":"","ast-hfb-mobile-header-display":"","site-post-title":"disabled","ast-breadcrumbs-content":"","ast-featured-img":"disabled","footer-sml-layout":"","theme-transparent-header-meta":"default","adv-header-id-meta":"","stick-header-meta":"","header-above-stick-meta":"","header-main-stick-meta":"","header-below-stick-meta":"","footnotes":""},"_links":{"self":[{"href":"https:\/\/juanmanuelpelaez.com\/en\/wp-json\/wp\/v2\/pages\/1938"}],"collection":[{"href":"https:\/\/juanmanuelpelaez.com\/en\/wp-json\/wp\/v2\/pages"}],"about":[{"href":"https:\/\/juanmanuelpelaez.com\/en\/wp-json\/wp\/v2\/types\/page"}],"author":[{"embeddable":true,"href":"https:\/\/juanmanuelpelaez.com\/en\/wp-json\/wp\/v2\/users\/1"}],"replies":[{"embeddable":true,"href":"https:\/\/juanmanuelpelaez.com\/en\/wp-json\/wp\/v2\/comments?post=1938"}],"version-history":[{"count":21,"href":"https:\/\/juanmanuelpelaez.com\/en\/wp-json\/wp\/v2\/pages\/1938\/revisions"}],"predecessor-version":[{"id":2260,"href":"https:\/\/juanmanuelpelaez.com\/en\/wp-json\/wp\/v2\/pages\/1938\/revisions\/2260"}],"wp:attachment":[{"href":"https:\/\/juanmanuelpelaez.com\/en\/wp-json\/wp\/v2\/media?parent=1938"}],"curies":[{"name":"wp","href":"https:\/\/api.w.org\/{rel}","templated":true}]}}