{"id":2521,"date":"2021-05-29T04:50:29","date_gmt":"2021-05-29T04:50:29","guid":{"rendered":"https:\/\/juanmanuelpelaez.com\/?page_id=2521"},"modified":"2021-05-31T02:46:17","modified_gmt":"2021-05-31T02:46:17","slug":"acerca","status":"publish","type":"page","link":"https:\/\/juanmanuelpelaez.com\/en\/acerca\/","title":{"rendered":"Acerca de"},"content":{"rendered":"<p>The architecture studio was created in 1997 in the city of Medellin. Throughout these years, we have had the opportunity to share with our clients the design of their projects in different locations in Colombia. This circumstance has allowed us to get to know in depth the particularities of our territory.<\/p>\n<p>We have an associated design team in different Colombian cities, allowing us to develop projects immediately and with the support of consultants in the construction, renewable energy, structural engineering and landscaping sectors.<\/p>\n<p>We develop integral architecture by thinking of constructive solutions tailored to each project's own characteristics.<\/p>\n<p>Our projects have been recipients of awards in the design category of various national and international events.<\/p>\n<p>\t\t\t\t\t\t\t\t\t\t\t\t\t\t\t<img decoding=\"async\" width=\"1024\" height=\"1024\" src=\"https:\/\/juanmanuelpelaez.com\/wp-content\/uploads\/2021\/05\/Premios--1024x1024.jpg\" alt=\"\" loading=\"lazy\" srcset=\"https:\/\/juanmanuelpelaez.com\/wp-content\/uploads\/2021\/05\/Premios--1024x1024.jpg 1024w, https:\/\/juanmanuelpelaez.com\/wp-content\/uploads\/2021\/05\/Premios--300x300.jpg 300w, https:\/\/juanmanuelpelaez.com\/wp-content\/uploads\/2021\/05\/Premios--150x150.jpg 150w, https:\/\/juanmanuelpelaez.com\/wp-content\/uploads\/2021\/05\/Premios--768x768.jpg 768w, https:\/\/juanmanuelpelaez.com\/wp-content\/uploads\/2021\/05\/Premios--12x12.jpg 12w, https:\/\/juanmanuelpelaez.com\/wp-content\/uploads\/2021\/05\/Premios--24x24.jpg 24w, https:\/\/juanmanuelpelaez.com\/wp-content\/uploads\/2021\/05\/Premios--36x36.jpg 36w, https:\/\/juanmanuelpelaez.com\/wp-content\/uploads\/2021\/05\/Premios--48x48.jpg 48w, https:\/\/juanmanuelpelaez.com\/wp-content\/uploads\/2021\/05\/Premios-.jpg 1430w\" sizes=\"(max-width: 1024px) 100vw, 1024px\" \/><\/p>","protected":false},"excerpt":{"rendered":"<p>El estudio de arquitectura fue creado en 1997 en la ciudad de Medell\u00edn. A trav\u00e9s de estos a\u00f1os hemos tenido la oportunidad de compartir con nuestros clientes el dise\u00f1o de sus proyectos en diferentes lugares de Colombia. Esta circunstancia nos ha llevado a conocer en detalle las particularidades de nuestro territorio. Tenemos un equipo de &hellip;<\/p>\n<p class=\"read-more\"> <a class=\"\" href=\"https:\/\/juanmanuelpelaez.com\/en\/acerca\/\"> <span class=\"screen-reader-text\">Acerca de<\/span> Read More &raquo;<\/a><\/p>","protected":false},"author":1,"featured_media":0,"parent":0,"menu_order":0,"comment_status":"closed","ping_status":"closed","template":"","meta":{"site-sidebar-layout":"no-sidebar","site-content-layout":"page-builder","ast-main-header-display":"","ast-hfb-above-header-display":"","ast-hfb-below-header-display":"","ast-hfb-mobile-header-display":"","site-post-title":"disabled","ast-breadcrumbs-content":"","ast-featured-img":"disabled","footer-sml-layout":"","theme-transparent-header-meta":"default","adv-header-id-meta":"","stick-header-meta":"","header-above-stick-meta":"","header-main-stick-meta":"","header-below-stick-meta":"","footnotes":""},"_links":{"self":[{"href":"https:\/\/juanmanuelpelaez.com\/en\/wp-json\/wp\/v2\/pages\/2521"}],"collection":[{"href":"https:\/\/juanmanuelpelaez.com\/en\/wp-json\/wp\/v2\/pages"}],"about":[{"href":"https:\/\/juanmanuelpelaez.com\/en\/wp-json\/wp\/v2\/types\/page"}],"author":[{"embeddable":true,"href":"https:\/\/juanmanuelpelaez.com\/en\/wp-json\/wp\/v2\/users\/1"}],"replies":[{"embeddable":true,"href":"https:\/\/juanmanuelpelaez.com\/en\/wp-json\/wp\/v2\/comments?post=2521"}],"version-history":[{"count":30,"href":"https:\/\/juanmanuelpelaez.com\/en\/wp-json\/wp\/v2\/pages\/2521\/revisions"}],"predecessor-version":[{"id":2594,"href":"https:\/\/juanmanuelpelaez.com\/en\/wp-json\/wp\/v2\/pages\/2521\/revisions\/2594"}],"wp:attachment":[{"href":"https:\/\/juanmanuelpelaez.com\/en\/wp-json\/wp\/v2\/media?parent=2521"}],"curies":[{"name":"wp","href":"https:\/\/api.w.org\/{rel}","templated":true}]}}