{"id":2567,"date":"2021-05-31T02:22:11","date_gmt":"2021-05-31T02:22:11","guid":{"rendered":"https:\/\/juanmanuelpelaez.com\/?page_id=2567"},"modified":"2021-06-02T02:11:44","modified_gmt":"2021-06-02T02:11:44","slug":"centro-espana","status":"publish","type":"page","link":"https:\/\/juanmanuelpelaez.com\/en\/centro-espana\/","title":{"rendered":"Spain Cultural Center"},"content":{"rendered":"<h5>Spain Cultural Center<\/h5>\n<h6>Bogot\u00e1, Colombia<\/h6>\n<p>This project originated from a competition carried out through the Colombian Society of Architects and the National Presidency commissioned by the Embassy of Spain and the Spanish Agency for International Cooperation (AECI). An invitation was made to 8 Colombian architectural firms, of which we were the winners. Our decision is to create a collective space integrated to the new development of the sector with an emphasis on the image of the city. Being a cultural center, it is a priority to provide service areas to the general public. We understand the recreational potential of the place and for that reason we establish a continuity of the public space towards the interior of the building.<\/p>\n<p>The building's program contains: 2 exhibition halls, a multipurpose auditorium, an auditorium for recitals, a library, a restaurant, workshops for artists, 2 residences for interns, an administrative area.<\/p>\n<p>Systems:<br \/>Integration to the public space.<br \/>Connection with pedestrian mobility and integrated transport systems.<br \/>Belonging to the network of district and national cultural and educational services.<\/p>\n<p>Team:<br \/>Juan Manuel Pel\u00e1ez<br \/>Juan Esteban Ram\u00edrez<br \/>Sebasti\u00e1n Mej\u00eda<br \/>Edgar Mazo<br \/>Daniel Pel\u00e1ez<br \/>Luis Callejas<\/p>\n<p>Date: 2007<\/p>","protected":false},"excerpt":{"rendered":"<p>Centro Cultural de Espa\u00f1a Bogot\u00e1, Colombia Este proyecto se origin\u00f3 por un concurso realizado a trav\u00e9s de la Sociedad Colombiana de Arquitectos y Presidencia Nacional encargado por la Embajada de Espa\u00f1a y la Agencia espa\u00f1ola de cooperaci\u00f3n internacional (AECI). Se hizo una invitaci\u00f3n a 8 firmas de arquitectos colombianos y nosotros resultamos ganadores del proyecto. &hellip;<\/p>\n<p class=\"read-more\"> <a class=\"\" href=\"https:\/\/juanmanuelpelaez.com\/en\/centro-espana\/\"> <span class=\"screen-reader-text\">Spain Cultural Center<\/span> Read More &raquo;<\/a><\/p>","protected":false},"author":1,"featured_media":0,"parent":0,"menu_order":0,"comment_status":"closed","ping_status":"closed","template":"elementor_theme","meta":{"site-sidebar-layout":"no-sidebar","site-content-layout":"page-builder","ast-main-header-display":"","ast-hfb-above-header-display":"","ast-hfb-below-header-display":"","ast-hfb-mobile-header-display":"","site-post-title":"disabled","ast-breadcrumbs-content":"","ast-featured-img":"disabled","footer-sml-layout":"","theme-transparent-header-meta":"default","adv-header-id-meta":"","stick-header-meta":"","header-above-stick-meta":"","header-main-stick-meta":"","header-below-stick-meta":"","footnotes":""},"_links":{"self":[{"href":"https:\/\/juanmanuelpelaez.com\/en\/wp-json\/wp\/v2\/pages\/2567"}],"collection":[{"href":"https:\/\/juanmanuelpelaez.com\/en\/wp-json\/wp\/v2\/pages"}],"about":[{"href":"https:\/\/juanmanuelpelaez.com\/en\/wp-json\/wp\/v2\/types\/page"}],"author":[{"embeddable":true,"href":"https:\/\/juanmanuelpelaez.com\/en\/wp-json\/wp\/v2\/users\/1"}],"replies":[{"embeddable":true,"href":"https:\/\/juanmanuelpelaez.com\/en\/wp-json\/wp\/v2\/comments?post=2567"}],"version-history":[{"count":26,"href":"https:\/\/juanmanuelpelaez.com\/en\/wp-json\/wp\/v2\/pages\/2567\/revisions"}],"predecessor-version":[{"id":2670,"href":"https:\/\/juanmanuelpelaez.com\/en\/wp-json\/wp\/v2\/pages\/2567\/revisions\/2670"}],"wp:attachment":[{"href":"https:\/\/juanmanuelpelaez.com\/en\/wp-json\/wp\/v2\/media?parent=2567"}],"curies":[{"name":"wp","href":"https:\/\/api.w.org\/{rel}","templated":true}]}}